{"id":851,"date":"2023-06-28T14:50:37","date_gmt":"2023-06-28T12:50:37","guid":{"rendered":"https:\/\/www.clemensschaller.com\/?page_id=851"},"modified":"2023-06-28T14:51:47","modified_gmt":"2023-06-28T12:51:47","slug":"impressum","status":"publish","type":"page","link":"https:\/\/www.clemensschaller.com\/en\/impressum\/","title":{"rendered":"Imprint"},"content":{"rendered":"<p>[et_pb_section fb_built=&#8220;1&#8243; _builder_version=&#8220;4.20.4&#8243; _module_preset=&#8220;default&#8220; background_color=&#8220;#8bbda1&#8243; custom_padding=&#8220;20px||20px||false|false&#8220; hover_enabled=&#8220;0&#8243; locked=&#8220;off&#8220; global_colors_info=&#8220;{}&#8220; sticky_enabled=&#8220;0&#8243;][et_pb_row _builder_version=&#8220;4.20.4&#8243; _module_preset=&#8220;default&#8220; width=&#8220;100%&#8220; max_width=&#8220;100%&#8220; global_colors_info=&#8220;{}&#8220;][et_pb_column type=&#8220;4_4&#8243; _builder_version=&#8220;4.20.4&#8243; _module_preset=&#8220;default&#8220; global_colors_info=&#8220;{}&#8220;][wbrgy_flashlight_title container_height=&#8220;32vh&#8220; second_line=&#8220;Impressum&#8220; second_line_color=&#8220;#1c2621&#8243; second_line_stroke_color=&#8220;#8bbda1&#8243; second_line_stroke_width=&#8220;1px&#8220; second_line_fontsize=&#8220;120px&#8220; circle_size=&#8220;1111px&#8220; circle_offset_x=&#8220;-264px&#8220; circle_offset_y=&#8220;-556px&#8220; circle_parallax_factor=&#8220;0.1&#8243; circle_background=&#8220;#e7cf8a&#8220; _builder_version=&#8220;4.20.4&#8243; _module_preset=&#8220;default&#8220; width=&#8220;100%&#8220; max_width=&#8220;100%&#8220; hover_enabled=&#8220;0&#8243; global_colors_info=&#8220;{}&#8220; sticky_enabled=&#8220;0&#8243; first_line_stroke_color=&#8220;#8bbda1&#8243;][\/wbrgy_flashlight_title][\/et_pb_column][\/et_pb_row][\/et_pb_section][et_pb_section fb_built=&#8220;1&#8243; _builder_version=&#8220;4.20.4&#8243; _module_preset=&#8220;default&#8220; background_color=&#8220;#8bbda1&#8243; custom_padding=&#8220;0px|||||&#8220; hover_enabled=&#8220;0&#8243; global_colors_info=&#8220;{}&#8220; sticky_enabled=&#8220;0&#8243;][et_pb_row column_structure=&#8220;2_5,3_5&#8243; make_equal=&#8220;on&#8220; _builder_version=&#8220;4.20.0&#8243; _module_preset=&#8220;default&#8220; global_colors_info=&#8220;{}&#8220;][et_pb_column type=&#8220;2_5&#8243; _builder_version=&#8220;4.20.0&#8243; _module_preset=&#8220;default&#8220; global_colors_info=&#8220;{}&#8220;][et_pb_text _builder_version=&#8220;4.20.4&#8243; _module_preset=&#8220;default&#8220; header_font=&#8220;|700|||||||&#8220; header_2_font=&#8220;||||||||&#8220; header_2_text_color=&#8220;#1c2621&#8243; header_2_font_size=&#8220;32px&#8220; z_index=&#8220;10&#8243; custom_padding=&#8220;0px|0px|0px|0px|false|false&#8220; hover_enabled=&#8220;0&#8243; global_colors_info=&#8220;{}&#8220; sticky_enabled=&#8220;0&#8243;]<\/p>\n<h2>Information according to \u00a75 ECG and disclosure according to \u00a725 MedienG<\/h2>\n<p>[\/et_pb_text][\/et_pb_column][et_pb_column type=&#8220;3_5&#8243; _builder_version=&#8220;4.20.0&#8243; _module_preset=&#8220;default&#8220; global_colors_info=&#8220;{}&#8220;][et_pb_text _builder_version=&#8220;4.20.4&#8243; _module_preset=&#8220;default&#8220; text_font=&#8220;New Order Regular||||||||&#8220; text_text_color=&#8220;#1c2621&#8243; header_2_font=&#8220;All Round Gothic Book||||||||&#8220; custom_margin=&#8220;20px||||false|false&#8220; hover_enabled=&#8220;0&#8243; global_colors_info=&#8220;{}&#8220; sticky_enabled=&#8220;0&#8243; link_text_color=&#8220;#1c2621&#8243; link_font=&#8220;|600|||on||||&#8220;]<\/p>\n<p><strong>Author, designer, media owner, and publisher:\u00a0<\/strong> Clemens Schaller, Herrengasse 8\/1\/13, 3002 Purkersdorf, <a href=\"mailto:office@clemensschaller.com\">office@clemensschaller.com<\/a><br \/><strong>Basic direction:\u00a0<\/strong> Information about the work and creative endeavors of Clemens Schaller.<br \/><strong>Liability:\u00a0<\/strong> All texts on the website have been carefully reviewed. Nevertheless, no guarantee can be given for the accuracy, completeness, and timeliness of the information.<br \/><strong>Copyright:\u00a0<\/strong>\u00a0All texts, graphics, and images are protected by copyright. Use is only permitted with the express permission of Clemens Schaller.<\/p>\n<p>[\/et_pb_text][\/et_pb_column][\/et_pb_row][\/et_pb_section]<\/p>","protected":false},"excerpt":{"rendered":"<p><div class=\"et_pb_module wbrgy_flashlight_title wbrgy_flashlight_title_0\">\n\t\t\t\t\n\t\t\t\t\n\t\t\t\t\n\t\t\t\t\n\t\t\t\t\n\t\t\t\t\n\t\t\t\t<div class=\"et_pb_module_inner\">\n\t\t\t\t\t\t\t\t<div class=\"wbrgy_flashlight_title_content\" style=\"height: 32vh;\" data-parallax-factor=\"0.1\">\n\t\t\t\t<div class=\"wbrgy_flashlight_title_back\">\n\t\t\t\t\t<div class=\"wbrgy_flashlight_title_back_inner\">\n\t\t\t\t\t\t<h1 style=\"transform: translate(-50%, calc(32vh \/ 2 - 50%)); color: #1c2621; font-size: 120px;\">Imprint<\/h1>\n\t\t\t\t\t<\/div>\n\t\t\t\t<\/div>\n\t\t\t\t<div class=\"wbrgy_flashlight_title_front\">\n\t\t\t\t\t<div class=\"wbrgy_flashlight_title_front_inner\" style=\"height: 1111px; width: 1111px; background-color: #e7cf8a; transform: translate(-264px, calc(32vh \/ 2 - 1111px \/ 2 + -556px));\">\n\t\t\t\t\t\t<h1 style=\"transform: translateX(calc(-50% - -264px)) translateY(calc(1111px \/ 2 - 50% - -556px)); -webkit-text-stroke-color: #8bbda1; -webkit-text-stroke-width: 1px; font-size: 120px;\">Imprint<\/h1>\n\t\t\t\t\t<\/div>\n\t\t\t\t<\/div>\n\t\t\t<\/div>\n\t\t\n\t\t\t\t<\/div>\n\t\t\t<\/div>Information gem. \u00a75 ECG\u00a0und Offenlegung gem. \u00a725 MedienGAutor, Gestalter, Medieninhaber und Herausgeber:\u00a0 Clemens Schaller, Herrengasse 8\/1\/13, 3002 Purkersdorf, office@clemensschaller.comGrundlegende Richtung:\u00a0 Informationen \u00fcber Wirken &amp; Schaffen von Clemens Schaller.Haftung:\u00a0 S\u00e4mtliche Texte auf der Website wurden sorgf\u00e4ltig gepr\u00fcft. [&hellip;]<\/p>","protected":false},"author":2,"featured_media":0,"parent":0,"menu_order":0,"comment_status":"closed","ping_status":"closed","template":"","meta":{"_et_pb_use_builder":"on","_et_pb_old_content":"","_et_gb_content_width":"","footnotes":""},"class_list":["post-851","page","type-page","status-publish","hentry"],"_links":{"self":[{"href":"https:\/\/www.clemensschaller.com\/en\/wp-json\/wp\/v2\/pages\/851","targetHints":{"allow":["GET"]}}],"collection":[{"href":"https:\/\/www.clemensschaller.com\/en\/wp-json\/wp\/v2\/pages"}],"about":[{"href":"https:\/\/www.clemensschaller.com\/en\/wp-json\/wp\/v2\/types\/page"}],"author":[{"embeddable":true,"href":"https:\/\/www.clemensschaller.com\/en\/wp-json\/wp\/v2\/users\/2"}],"replies":[{"embeddable":true,"href":"https:\/\/www.clemensschaller.com\/en\/wp-json\/wp\/v2\/comments?post=851"}],"version-history":[{"count":3,"href":"https:\/\/www.clemensschaller.com\/en\/wp-json\/wp\/v2\/pages\/851\/revisions"}],"predecessor-version":[{"id":895,"href":"https:\/\/www.clemensschaller.com\/en\/wp-json\/wp\/v2\/pages\/851\/revisions\/895"}],"wp:attachment":[{"href":"https:\/\/www.clemensschaller.com\/en\/wp-json\/wp\/v2\/media?parent=851"}],"curies":[{"name":"wp","href":"https:\/\/api.w.org\/{rel}","templated":true}]}}