{"id":72,"date":"2023-03-11T08:41:37","date_gmt":"2023-03-11T07:41:37","guid":{"rendered":"https:\/\/www.clemensschaller.com\/?page_id=72"},"modified":"2024-05-08T10:37:41","modified_gmt":"2024-05-08T08:37:41","slug":"paedagogik","status":"publish","type":"page","link":"https:\/\/www.clemensschaller.com\/en\/paedagogik\/","title":{"rendered":"Pedagogy"},"content":{"rendered":"<p>[et_pb_section fb_built=&#8220;1&#8243; _builder_version=&#8220;4.20.4&#8243; _module_preset=&#8220;default&#8220; background_color=&#8220;#fffdf0&#8243; custom_padding=&#8220;20px||20px||false|false&#8220; locked=&#8220;off&#8220; global_colors_info=&#8220;{}&#8220;][et_pb_row _builder_version=&#8220;4.20.4&#8243; _module_preset=&#8220;default&#8220; width=&#8220;100%&#8220; max_width=&#8220;100%&#8220; global_colors_info=&#8220;{}&#8220;][et_pb_column type=&#8220;4_4&#8243; _builder_version=&#8220;4.20.4&#8243; _module_preset=&#8220;default&#8220; global_colors_info=&#8220;{}&#8220;][wbrgy_flashlight_title second_line=&#8220;P\u00e4dagogik&#8220; second_line_color=&#8220;#664414&#8243; second_line_stroke_color=&#8220;#fffdf0&#8243; second_line_stroke_width=&#8220;1px&#8220; second_line_fontsize=&#8220;180px&#8220; circle_size=&#8220;1111px&#8220; circle_offset_x=&#8220;-264px&#8220; circle_offset_y=&#8220;-556px&#8220; circle_parallax_factor=&#8220;0.1&#8243; circle_background=&#8220;#e7cf8a&#8220; _builder_version=&#8220;4.20.4&#8243; _module_preset=&#8220;default&#8220; width=&#8220;100%&#8220; max_width=&#8220;100%&#8220; global_colors_info=&#8220;{}&#8220;][\/wbrgy_flashlight_title][\/et_pb_column][\/et_pb_row][\/et_pb_section][et_pb_section fb_built=&#8220;1&#8243; _builder_version=&#8220;4.20.0&#8243; _module_preset=&#8220;default&#8220; background_color=&#8220;#fffdf0&#8243; custom_padding=&#8220;0px|||||&#8220; global_colors_info=&#8220;{}&#8220;][et_pb_row column_structure=&#8220;2_5,3_5&#8243; make_equal=&#8220;on&#8220; _builder_version=&#8220;4.20.0&#8243; _module_preset=&#8220;default&#8220; global_colors_info=&#8220;{}&#8220;][et_pb_column type=&#8220;2_5&#8243; _builder_version=&#8220;4.20.0&#8243; _module_preset=&#8220;default&#8220; global_colors_info=&#8220;{}&#8220; admin_label=&#8220;Spalte&#8220;][et_pb_text _builder_version=&#8220;4.20.4&#8243; _module_preset=&#8220;default&#8220; header_font=&#8220;|700|||||||&#8220; header_2_font=&#8220;||||||||&#8220; header_2_text_color=&#8220;#664414&#8243; header_2_font_size=&#8220;32px&#8220; z_index=&#8220;10&#8243; custom_padding=&#8220;0px|0px|0px|0px|false|false&#8220; global_colors_info=&#8220;{}&#8220;]<\/p>\n<h2>Music teacher<\/h2>\n<p>[\/et_pb_text][et_pb_code _builder_version=&#8220;4.20.4&#8243; _module_preset=&#8220;default&#8220; custom_margin=&#8220;0px|0px|0px|0px|false|false&#8220; custom_padding=&#8220;0px|0px|0px|0px|false|false&#8220; global_colors_info=&#8220;{}&#8220;]<img decoding=\"async\" id=\"polyrythm\" src=\"\/wp-content\/themes\/divi-child\/img\/Polyrythm-halb.svg\" \/>[\/et_pb_code][\/et_pb_column][et_pb_column type=&#8220;3_5&#8243; _builder_version=&#8220;4.20.0&#8243; _module_preset=&#8220;default&#8220; global_colors_info=&#8220;{}&#8220; admin_label=&#8220;Spalte&#8220;][et_pb_code module_id=&#8220;paed-box&#8220; _builder_version=&#8220;4.25.0&#8243; _module_preset=&#8220;default&#8220; custom_margin=&#8220;0px|0px|0px|0px|false|false&#8220; custom_padding=&#8220;0px|0px|0px|0px|false|false&#8220; hover_enabled=&#8220;0&#8243; global_colors_info=&#8220;{}&#8220; sticky_enabled=&#8220;0&#8243;]<\/p>\n<div id=\"um-parallax-box\" class=\"right\"><!-- [et_pb_line_break_holder] --><\/div>\n<p>[\/et_pb_code][et_pb_text _builder_version=&#8220;4.22.1&#8243; _module_preset=&#8220;default&#8220; text_font=&#8220;New Order Regular||||||||&#8220; text_text_color=&#8220;#664414&#8243; header_2_font=&#8220;All Round Gothic Book||||||||&#8220; custom_margin=&#8220;20px||||false|false&#8220; global_colors_info=&#8220;{}&#8220;]<\/p>\n<p><strong>Joy in Learning and Teaching<\/strong><\/p>\n<p>Constantly seeking self-improvement, exploring, and discovering new paths: That's exactly what distinguishes the artist and musician Clemens Schaller. Teaching and learning go hand in hand.<\/p>\n<p>Seeking new pedagogical approaches, listening to and learning music, playing or singing music, being creative on an instrument, reading sheet music, practicing and feeling rhythm\u2014Clemens Schaller has always been on the lookout for simple and innovative approaches for both himself and his students.<\/p>\n<p>\"For me, it's about the balance between input and output. It requires the interplay of listening to music, practicing the instrument, reading sheet music, feeling and learning rhythm, acquiring musical knowledge on the instrument, improvising, and staying creative and curious.\"<\/p>\n<p><strong>University of Music and Performing Arts Vienna (mdw)<\/strong><br \/>At the Institute for Music Education Research, Music Pedagogy, and Elementary Music Making (IMP) at the University of Music and Performing Arts (mdw), Clemens Schaller has been serving as a mentor for practical teaching in music schools and professional practice for many years.<strong><br \/><\/strong><\/p>\n<p><strong>Musicschool Wienerwald Mitte<\/strong><br \/>Since 2001, Clemens Schaller has been teaching keyboard instruments for jazz\/pop\/rock at the Musikschule Wienerwald Mitte in Purkersdorf. He also serves as a choir conductor in Purkersdorf.<\/p>\n<p><strong>Musicschool Schaller<\/strong><br \/>From a young age, the artist began teaching music and guiding and inspiring his students. Clemens Schaller gained his initial pedagogical experience through the \"Musikschule Schaller,\" which he founded in 1997. He developed and led it for five years and taught there alongside other educators.<\/p>\n<p>[\/et_pb_text][\/et_pb_column][\/et_pb_row][et_pb_row column_structure=&#8220;1_5,1_5,1_5,1_5,1_5&#8243; make_equal=&#8220;on&#8220; _builder_version=&#8220;4.20.4&#8243; _module_preset=&#8220;default&#8220; global_colors_info=&#8220;{}&#8220;][et_pb_column type=&#8220;1_5&#8243; _builder_version=&#8220;4.20.0&#8243; _module_preset=&#8220;default&#8220; global_colors_info=&#8220;{}&#8220;][\/et_pb_column][et_pb_column type=&#8220;1_5&#8243; _builder_version=&#8220;4.20.0&#8243; _module_preset=&#8220;default&#8220; global_colors_info=&#8220;{}&#8220;][\/et_pb_column][et_pb_column type=&#8220;1_5&#8243; _builder_version=&#8220;4.20.0&#8243; _module_preset=&#8220;default&#8220; global_colors_info=&#8220;{}&#8220;][et_pb_image src=&#8220;https:\/\/www.clemensschaller.com\/wp-content\/uploads\/2023\/04\/Musikschule-NEU.png&#8220; alt=&#8220;Musikschule Wienerwald Mitte&#8220; url=&#8220;http:\/\/www.msvwienerwaldmitte.at\/schaller.html&#8220; url_new_window=&#8220;on&#8220; _builder_version=&#8220;4.20.4&#8243; _module_preset=&#8220;default&#8220; width=&#8220;300px&#8220; filter_contrast=&#8220;0%&#8220; global_colors_info=&#8220;{}&#8220; filter_contrast__hover_enabled=&#8220;on|hover&#8220; filter_contrast__hover=&#8220;100%&#8220;][\/et_pb_image][\/et_pb_column][et_pb_column type=&#8220;1_5&#8243; _builder_version=&#8220;4.20.0&#8243; _module_preset=&#8220;default&#8220; global_colors_info=&#8220;{}&#8220;][\/et_pb_column][et_pb_column type=&#8220;1_5&#8243; _builder_version=&#8220;4.20.0&#8243; _module_preset=&#8220;default&#8220; global_colors_info=&#8220;{}&#8220;][et_pb_image src=&#8220;https:\/\/www.clemensschaller.com\/wp-content\/uploads\/2023\/04\/Schaller-Logos.png&#8220; alt=&#8220;MDW-Logo&#8220; url=&#8220;https:\/\/www.mdw.ac.at\/imp\/?PageId=3802&#8243; url_new_window=&#8220;on&#8220; _builder_version=&#8220;4.20.4&#8243; _module_preset=&#8220;default&#8220; width=&#8220;200px&#8220; filter_contrast=&#8220;0%&#8220; global_colors_info=&#8220;{}&#8220; filter_contrast__hover_enabled=&#8220;on|hover&#8220; filter_contrast__hover=&#8220;100%&#8220;][\/et_pb_image][\/et_pb_column][\/et_pb_row][\/et_pb_section][et_pb_section fb_built=&#8220;1&#8243; _builder_version=&#8220;4.20.4&#8243; _module_preset=&#8220;default&#8220; background_color=&#8220;#fff7d8&#8243; z_index=&#8220;1&#8243; overflow-x=&#8220;hidden&#8220; overflow-y=&#8220;hidden&#8220; custom_margin=&#8220;||||false|false&#8220; custom_padding=&#8220;||||false|false&#8220; custom_css_after=&#8220;content: %22%22;||width: 500vw;||height: 500vw;||position: absolute;||left: 50%;||top: -5000px;||transform: translateX(-50%);||border-radius: 50%;||border: 5000px solid #FFFDF0;||background-color: transparent;&#8220; locked=&#8220;off&#8220; global_colors_info=&#8220;{}&#8220;][et_pb_row column_structure=&#8220;2_5,3_5&#8243; _builder_version=&#8220;4.20.0&#8243; _module_preset=&#8220;default&#8220; global_colors_info=&#8220;{}&#8220;][et_pb_column type=&#8220;2_5&#8243; _builder_version=&#8220;4.20.0&#8243; _module_preset=&#8220;default&#8220; global_colors_info=&#8220;{}&#8220;][et_pb_text _builder_version=&#8220;4.20.4&#8243; _module_preset=&#8220;default&#8220; header_font=&#8220;|700|||||||&#8220; header_2_font=&#8220;||||||||&#8220; header_2_text_color=&#8220;#664414&#8243; header_2_font_size=&#8220;32px&#8220; z_index=&#8220;10&#8243; custom_padding=&#8220;0px|0px|0px|0px|false|false&#8220; global_colors_info=&#8220;{}&#8220;]<\/p>\n<h2><strong>The Polybible of Rhythm<\/strong><\/h2>\n<p>[\/et_pb_text][et_pb_image src=&#8220;https:\/\/www.clemensschaller.com\/wp-content\/uploads\/2023\/05\/Polybible-coverbild-halb.png&#8220; alt=&#8220;Polybible Cover&#8220; url=&#8220;https:\/\/www.thepolybible.com\/&#8220; url_new_window=&#8220;on&#8220; disabled_on=&#8220;on|on|off&#8220; module_id=&#8220;polybible&#8220; _builder_version=&#8220;4.20.4&#8243; _module_preset=&#8220;default&#8220; width_last_edited=&#8220;off|desktop&#8220; custom_margin=&#8220;0px|0px|0px|0px|false|false&#8220; custom_padding=&#8220;0px|0px|0px|0px|false|false&#8220; global_colors_info=&#8220;{}&#8220;][\/et_pb_image][\/et_pb_column][et_pb_column type=&#8220;3_5&#8243; _builder_version=&#8220;4.20.0&#8243; _module_preset=&#8220;default&#8220; global_colors_info=&#8220;{}&#8220;][et_pb_image src=&#8220;https:\/\/www.clemensschaller.com\/wp-content\/uploads\/2023\/05\/Polybible-coverbild-halb.png&#8220; alt=&#8220;Polybible Cover&#8220; url=&#8220;https:\/\/www.thepolybible.com\/&#8220; url_new_window=&#8220;on&#8220; disabled_on=&#8220;off|off|on&#8220; module_id=&#8220;polybible-mobile&#8220; _builder_version=&#8220;4.20.4&#8243; _module_preset=&#8220;default&#8220; positioning=&#8220;relative&#8220; horizontal_offset=&#8220;-10vw&#8220; width_last_edited=&#8220;off|desktop&#8220; max_width=&#8220;50vw&#8220; custom_margin=&#8220;-50px|0px|0px|0px|false|false&#8220; custom_padding=&#8220;0px|0px|0px|0px|false|false&#8220; global_colors_info=&#8220;{}&#8220; admin_label=&#8220;Bild&#8220;][\/et_pb_image][et_pb_text _builder_version=&#8220;4.20.4&#8243; _module_preset=&#8220;default&#8220; text_font=&#8220;New Order Regular||||||||&#8220; text_text_color=&#8220;#664414&#8243; header_2_font=&#8220;All Round Gothic Book||||||||&#8220; header_3_text_color=&#8220;#664414&#8243; global_colors_info=&#8220;{}&#8220;]<\/p>\n<h3>Music can also be simple<\/h3>\n<p>The quest for new concepts and possibilities to simplify the learning of music, particularly in the realms of rhythm and coordination, led Clemens Schaller to develop his own approach. The result is the Polybible of Rhythm, an entirely new and innovative way of thinking that dispenses with measures and note values. Instead, rhythms and coordinations are visualized in a straightforward manner using circular shapes.<\/p>\n<p>Learn here how anyone, regardless of their musical level and instrument, can enhance and elevate their musical experience with the Polybible.<\/p>\n<p>[\/et_pb_text][et_pb_button button_url=&#8220;https:\/\/www.thepolybible.com\/&#8220; url_new_window=&#8220;on&#8220; button_text=&#8220;The Polybible of Rhythm&#8220; _builder_version=&#8220;4.25.0&#8243; _module_preset=&#8220;default&#8220; custom_button=&#8220;on&#8220; button_text_color=&#8220;#E7CF89&#8243; button_bg_color=&#8220;#fff7d8&#8243; button_border_width=&#8220;2px&#8220; button_border_color=&#8220;#E7CF89&#8243; button_border_radius=&#8220;30px&#8220; button_font=&#8220;||||||||&#8220; button_use_icon=&#8220;off&#8220; hover_enabled=&#8220;0&#8243; locked=&#8220;off&#8220; global_colors_info=&#8220;{}&#8220; button_bg_enable_color=&#8220;on&#8220; sticky_enabled=&#8220;0&#8243;][\/et_pb_button][et_pb_button button_url=&#8220;mailto:office@clemensschaller.com&#8220; url_new_window=&#8220;on&#8220; button_text=&#8220;Buch bestellen&#8220; _builder_version=&#8220;4.25.0&#8243; _module_preset=&#8220;default&#8220; custom_button=&#8220;on&#8220; button_text_color=&#8220;#FFFFFF&#8220; button_bg_color=&#8220;#e7cf89&#8243; button_border_width=&#8220;2px&#8220; button_border_radius=&#8220;30px&#8220; global_colors_info=&#8220;{}&#8220; button_border_color=&#8220;#E7CF89&#8243; button_font=&#8220;||||||||&#8220; button_use_icon=&#8220;off&#8220; hover_enabled=&#8220;0&#8243; sticky_enabled=&#8220;0&#8243;][\/et_pb_button][et_pb_video src=&#8220;https:\/\/www.clemensschaller.com\/wp-content\/uploads\/2023\/05\/polybible-idee.mp4&#8243; image_src=&#8220;https:\/\/www.clemensschaller.com\/wp-content\/uploads\/2023\/06\/polybible_tn.jpg&#8220; play_icon_color=&#8220;#FFFFFF&#8220; font_icon=&#8220;&#x45;||divi||400&#8243; module_id=&#8220;paed-vid&#8220; _builder_version=&#8220;4.20.4&#8243; _module_preset=&#8220;default&#8220; custom_margin=&#8220;||0px||false|false&#8220; custom_css_after=&#8220;content: %22%22;||position: absolute;||background-color: #e7cf8a;||left: calc(100% + 20px);||top: -20px;||height: calc(100% + 40px);||width: calc((100vw &#8211; 1140px) \/ 2)&#8220; border_width_all=&#8220;20px&#8220; border_color_all=&#8220;#e7cf8a&#8220; global_colors_info=&#8220;{}&#8220; custom_css_before_last_edited=&#8220;on|tablet&#8220; custom_css_before_tablet=&#8220;content: %22%22;||position: absolute;||background-color: #e7cf8a;||left: calc(100% &#8211; 1px);||top: -20px;||height: calc(100% + 40px);||width: calc(10vw + 1px);&#8220; custom_css_after_last_edited=&#8220;on|tablet&#8220; custom_css_after_tablet=&#8220;content: %22%22;||position: absolute;||background-color: #e7cf8a;||right: calc(100% &#8211; 1px);||top: -20px;||height: calc(100% + 40px);||width: calc(10vw + 1px);&#8220; custom_css_before_phone=&#8220;content: %22%22;||position: absolute;||background-color: #e7cf8a;||left: calc(100% &#8211; 1px);||top: -20px;||height: calc(100% + 40px);||width: calc(10vw + 1px);&#8220; custom_css_after_phone=&#8220;content: %22%22;||position: absolute;||background-color: #e7cf8a;||right: calc(100% &#8211; 1px);||top: -20px;||height: calc(100% + 40px);||width: calc(10vw + 1px);&#8220; custom_css_main_element_last_edited=&#8220;on|tablet&#8220; custom_css_main_element_tablet=&#8220;border-left-width: 0px;||border-right-width: 0px;&#8220; custom_css_main_element_phone=&#8220;border-left-width: 0px;||border-right-width: 0px;&#8220;][\/et_pb_video][et_pb_gallery gallery_ids=&#8220;411,412,772,414,415,416,418,419,420&#8243; posts_number=&#8220;1000&#8243; show_title_and_caption=&#8220;off&#8220; show_pagination=&#8220;off&#8220; zoom_icon_color=&#8220;RGBA(255,255,255,0)&#8220; hover_overlay_color=&#8220;RGBA(255,255,255,0)&#8220; module_class=&#8220;sr-gallery srg-gaps srg-stretch-right&#8220; _builder_version=&#8220;4.20.4&#8243; _module_preset=&#8220;default&#8220; title_font=&#8220;||||||||&#8220; pagination_font=&#8220;||||||||&#8220; pagination_text_color=&#8220;#1f515c&#8220; background_color=&#8220;#e7cf8a&#8220; text_orientation=&#8220;right&#8220; custom_margin=&#8220;0px||0px||false|false&#8220; custom_padding=&#8220;0px||0px||false|false&#8220; child_filter_saturate=&#8220;0%&#8220; border_color_all_image=&#8220;#e7cf8a&#8220; locked=&#8220;off&#8220; global_colors_info=&#8220;{}&#8220; child_filter_saturate__hover_enabled=&#8220;on|hover&#8220; child_filter_saturate__hover=&#8220;100%&#8220;][\/et_pb_gallery][\/et_pb_column][\/et_pb_row][\/et_pb_section]<\/p>","protected":false},"excerpt":{"rendered":"<p><div class=\"et_pb_module wbrgy_flashlight_title wbrgy_flashlight_title_0\">\n\t\t\t\t\n\t\t\t\t\n\t\t\t\t\n\t\t\t\t\n\t\t\t\t\n\t\t\t\t\n\t\t\t\t<div class=\"et_pb_module_inner\">\n\t\t\t\t\t\t\t\t<div class=\"wbrgy_flashlight_title_content\" style=\"height: 70vh;\" data-parallax-factor=\"0.1\">\n\t\t\t\t<div class=\"wbrgy_flashlight_title_back\">\n\t\t\t\t\t<div class=\"wbrgy_flashlight_title_back_inner\">\n\t\t\t\t\t\t<h1 style=\"transform: translate(-50%, calc(70vh \/ 2 - 50%)); color: #664414; font-size: 180px;\">Pedagogy<\/h1>\n\t\t\t\t\t<\/div>\n\t\t\t\t<\/div>\n\t\t\t\t<div class=\"wbrgy_flashlight_title_front\">\n\t\t\t\t\t<div class=\"wbrgy_flashlight_title_front_inner\" style=\"height: 1111px; width: 1111px; background-color: #e7cf8a; transform: translate(-264px, calc(70vh \/ 2 - 1111px \/ 2 + -556px));\">\n\t\t\t\t\t\t<h1 style=\"transform: translateX(calc(-50% - -264px)) translateY(calc(1111px \/ 2 - 50% - -556px)); -webkit-text-stroke-color: #fffdf0; -webkit-text-stroke-width: 1px; font-size: 180px;\">Pedagogy<\/h1>\n\t\t\t\t\t<\/div>\n\t\t\t\t<\/div>\n\t\t\t<\/div>\n\t\t\n\t\t\t\t<\/div>\n\t\t\t<\/div>MusiklehrerFreude am Lernen und Lehren Sich selbst st\u00e4ndig weiterbilden, forschen und neue Wege entdecken: Genau das zeichnet den K\u00fcnstler und Musiker Clemens Schaller aus. Lehren und lernen geht Hand in Hand. Neue p\u00e4dagogische Ans\u00e4tze suchen, Musik h\u00f6ren und lernen, Musik [&hellip;]<\/p>","protected":false},"author":1,"featured_media":0,"parent":0,"menu_order":0,"comment_status":"closed","ping_status":"closed","template":"","meta":{"_et_pb_use_builder":"on","_et_pb_old_content":"","_et_gb_content_width":"","footnotes":""},"class_list":["post-72","page","type-page","status-publish","hentry"],"_links":{"self":[{"href":"https:\/\/www.clemensschaller.com\/en\/wp-json\/wp\/v2\/pages\/72","targetHints":{"allow":["GET"]}}],"collection":[{"href":"https:\/\/www.clemensschaller.com\/en\/wp-json\/wp\/v2\/pages"}],"about":[{"href":"https:\/\/www.clemensschaller.com\/en\/wp-json\/wp\/v2\/types\/page"}],"author":[{"embeddable":true,"href":"https:\/\/www.clemensschaller.com\/en\/wp-json\/wp\/v2\/users\/1"}],"replies":[{"embeddable":true,"href":"https:\/\/www.clemensschaller.com\/en\/wp-json\/wp\/v2\/comments?post=72"}],"version-history":[{"count":70,"href":"https:\/\/www.clemensschaller.com\/en\/wp-json\/wp\/v2\/pages\/72\/revisions"}],"predecessor-version":[{"id":1101,"href":"https:\/\/www.clemensschaller.com\/en\/wp-json\/wp\/v2\/pages\/72\/revisions\/1101"}],"wp:attachment":[{"href":"https:\/\/www.clemensschaller.com\/en\/wp-json\/wp\/v2\/media?parent=72"}],"curies":[{"name":"wp","href":"https:\/\/api.w.org\/{rel}","templated":true}]}}